{"id":73,"date":"2025-04-11T15:32:45","date_gmt":"2025-04-11T15:32:45","guid":{"rendered":"https:\/\/www.camillemugnier.com\/?page_id=73"},"modified":"2026-03-12T11:02:39","modified_gmt":"2026-03-12T11:02:39","slug":"landing-page","status":"publish","type":"page","link":"https:\/\/www.camillemugnier.com\/","title":{"rendered":"landing page"},"content":{"rendered":"\n<div class=\"wp-block-cover alignfull is-light has-contrast-color has-text-color has-link-color wp-elements-b6d9c3fe76172b0d0122c88eeff5cd6b\" style=\"margin-top:0;margin-bottom:0;padding-top:var(--wp--preset--spacing--60);padding-right:var(--wp--preset--spacing--50);padding-bottom:var(--wp--preset--spacing--60);padding-left:var(--wp--preset--spacing--50)\"><span aria-hidden=\"true\" class=\"wp-block-cover__background has-base-background-color has-background-dim-100 has-background-dim\"><\/span><div class=\"wp-block-cover__inner-container has-global-padding is-layout-constrained wp-container-core-cover-is-layout-1 wp-block-cover-is-layout-constrained\">\n<div class=\"wp-block-columns alignwide about-me-columns is-layout-flex wp-container-core-columns-is-layout-1 wp-block-columns-is-layout-flex\">\n<div class=\"wp-block-column is-layout-flow wp-block-column-is-layout-flow\" style=\"flex-basis:65%\">\n<div class=\"wp-block-group is-vertical is-content-justification-stretch is-layout-flex wp-container-core-group-is-layout-1 wp-block-group-is-layout-flex\">\n<p class=\"is-style-default has-large-font-size\">N\u00e9e \u00e0 Dijon en 1985, Camille Mugnier vit et travaille pr\u00e8s de La Rochelle.&nbsp;<\/p>\n\n\n\n<p>Exploratrice des pouvoirs sculpturaux et symboliques du fil, Camille Mugnier construit des toiles en relief, ligne apr\u00e8s ligne, comme une po\u00e9tesse entrelace ses vers sur le papier. Son travail est le r\u00e9sultat d\u2019un long processus de fabrication de la mati\u00e8re par le fil et la couleur. En \u00e9laborant ses propres outils de tissage et de peinture \u00e0 l\u2019aiguille, Camille fabrique des sculptures qui se d\u00e9ploient dans l\u2019espace comme des formes organiques en croissance.&nbsp;<\/p>\n<\/div>\n\n\n\n<p><\/p>\n\n\n\n<div class=\"wp-block-group is-vertical is-content-justification-stretch is-layout-flex wp-container-core-group-is-layout-2 wp-block-group-is-layout-flex\">\n<p>Form\u00e9e aux Beaux-Arts de Nantes, puis au design textile \u00e0 l\u2019\u00e9cole La Martini\u00e8re-Diderot \u00e0 Lyon, elle vit plusieurs ann\u00e9es en Am\u00e9rique du Sud \u00e0 partir de 2011 afin d\u2019\u00e9tudier l\u2019art pr\u00e9colombien et les traditions du fil. Camille travaille notamment dans la r\u00e9gion de Cuzco au P\u00e9rou, puis au Chili aupr\u00e8s d\u2019artisans pour cr\u00e9er une marque de v\u00eatement. \u00c0 son retour en France en 2019, Camille Mugnier r\u00e9unit ces exp\u00e9riences et les d\u00e9place vers une pratique artistique qui interroge la m\u00e9moire du tissu et la relation intime que nous entretenons avec le v\u00eatement. Elle puise son inspiration dans l\u2019histoire des costumes populaires, la culture ancestrale pour interroger notre lien entre mati\u00e8re et r\u00e9cit.\u00a0<\/p>\n\n\n\n<p class=\"is-style-default has-large-font-size\">Son travail v\u00e9hicule des histoires humaines, incarne une m\u00e9moire et c\u00e9l\u00e8bre la nature. Dans une temporalit\u00e9 lente, proche de celle du vivant, les formes qui \u00e9mergent \u2014 abstraites mais profond\u00e9ment organiques \u2014 semblent en transformation constante. En laissant l\u2019enveloppe vestimentaire, Camille Mugnier habille le vide et fabrique une mati\u00e8re-temps pouvant \u00eatre la partie d\u2019un corps, d\u2019un v\u00eatement, un \u00e9l\u00e9ment de la flore ou tout \u00e0 la fois. La toile devient une mati\u00e8re vivante jouant sur la porosit\u00e9 entre le tissu humain et la nature. &nbsp;<\/p>\n\n\n\n<p class=\"has-text-align-left has-small-font-size\"><\/p>\n<\/div>\n<\/div>\n\n\n\n<div class=\"wp-block-column is-layout-flow wp-block-column-is-layout-flow\" style=\"flex-basis:35%\">\n<div class=\"wp-block-group is-vertical is-content-justification-center is-nowrap is-layout-flex wp-container-core-group-is-layout-3 wp-block-group-is-layout-flex\">\n<figure class=\"wp-block-image size-full is-resized is-style-default wp-duotone-unset-1\"><img loading=\"lazy\" decoding=\"async\" width=\"1200\" height=\"800\" src=\"https:\/\/www.camillemugnier.com\/wp-content\/uploads\/2025\/04\/camille-mugnier-HD-13_resized.jpg\" alt=\"\" class=\"wp-image-155\" style=\"width:653px;height:auto\" srcset=\"https:\/\/www.camillemugnier.com\/wp-content\/uploads\/2025\/04\/camille-mugnier-HD-13_resized.jpg 1200w, https:\/\/www.camillemugnier.com\/wp-content\/uploads\/2025\/04\/camille-mugnier-HD-13_resized-300x200.jpg 300w, https:\/\/www.camillemugnier.com\/wp-content\/uploads\/2025\/04\/camille-mugnier-HD-13_resized-1024x683.jpg 1024w, https:\/\/www.camillemugnier.com\/wp-content\/uploads\/2025\/04\/camille-mugnier-HD-13_resized-768x512.jpg 768w\" sizes=\"auto, (max-width: 1200px) 100vw, 1200px\" \/><\/figure>\n\n\n\n<p class=\"has-text-align-center has-x-large-font-size\" style=\"line-height:1.2\"><a href=\"https:\/\/www.instagram.com\/camille.mugnier\/\">Instagram<\/a><\/p>\n<\/div>\n<\/div>\n<\/div>\n<\/div><\/div>\n\n\n\n<p><\/p>\n","protected":false},"excerpt":{"rendered":"","protected":false},"author":1,"featured_media":0,"parent":0,"menu_order":0,"comment_status":"closed","ping_status":"closed","template":"page-custom","meta":{"footnotes":""},"class_list":["post-73","page","type-page","status-publish","hentry"],"jetpack_sharing_enabled":true,"_links":{"self":[{"href":"https:\/\/www.camillemugnier.com\/index.php?rest_route=\/wp\/v2\/pages\/73","targetHints":{"allow":["GET"]}}],"collection":[{"href":"https:\/\/www.camillemugnier.com\/index.php?rest_route=\/wp\/v2\/pages"}],"about":[{"href":"https:\/\/www.camillemugnier.com\/index.php?rest_route=\/wp\/v2\/types\/page"}],"author":[{"embeddable":true,"href":"https:\/\/www.camillemugnier.com\/index.php?rest_route=\/wp\/v2\/users\/1"}],"replies":[{"embeddable":true,"href":"https:\/\/www.camillemugnier.com\/index.php?rest_route=%2Fwp%2Fv2%2Fcomments&post=73"}],"version-history":[{"count":16,"href":"https:\/\/www.camillemugnier.com\/index.php?rest_route=\/wp\/v2\/pages\/73\/revisions"}],"predecessor-version":[{"id":237,"href":"https:\/\/www.camillemugnier.com\/index.php?rest_route=\/wp\/v2\/pages\/73\/revisions\/237"}],"wp:attachment":[{"href":"https:\/\/www.camillemugnier.com\/index.php?rest_route=%2Fwp%2Fv2%2Fmedia&parent=73"}],"curies":[{"name":"wp","href":"https:\/\/api.w.org\/{rel}","templated":true}]}}